{"id":4310,"date":"2025-06-24T13:04:01","date_gmt":"2025-06-24T13:04:01","guid":{"rendered":"https:\/\/hygiene-service.gr\/product\/hygiene-eidikes-chriseis\/"},"modified":"2025-07-09T10:39:01","modified_gmt":"2025-07-09T10:39:01","slug":"hygiene-eidikes-chriseis","status":"publish","type":"product","link":"https:\/\/hygiene-service.gr\/de\/produkt\/hygiene-eidikes-chriseis\/","title":{"rendered":"Hygiene Spezielle Anwendungen"},"content":{"rendered":"<p>\n\t\u00d6le, Fette, Kalk, Ru\u00df und Rost und alle hartn\u00e4ckigen Verschmutzungen haben jetzt ihren Meister gefunden.<\/p>\n","protected":false},"excerpt":{"rendered":"<p>\u00d6le, Fette, Kalk, Ru\u00df und Rost und alle hartn\u00e4ckigen Verschmutzungen haben jetzt ihren Meister gefunden.<\/p>\n","protected":false},"featured_media":3092,"comment_status":"closed","ping_status":"closed","template":"","meta":{"_acf_changed":false},"product_level":[256],"product_brand":[],"product_cat":[231],"product_tag":[],"class_list":{"0":"post-4310","1":"product","2":"type-product","3":"status-publish","4":"has-post-thumbnail","6":"product_level-parent-product-de","7":"product_cat-haccp-produkte","9":"first","10":"instock","11":"purchasable","12":"product-type-simple"},"acf":[],"_links":{"self":[{"href":"https:\/\/hygiene-service.gr\/de\/wp-json\/wp\/v2\/product\/4310","targetHints":{"allow":["GET"]}}],"collection":[{"href":"https:\/\/hygiene-service.gr\/de\/wp-json\/wp\/v2\/product"}],"about":[{"href":"https:\/\/hygiene-service.gr\/de\/wp-json\/wp\/v2\/types\/product"}],"replies":[{"embeddable":true,"href":"https:\/\/hygiene-service.gr\/de\/wp-json\/wp\/v2\/comments?post=4310"}],"wp:featuredmedia":[{"embeddable":true,"href":"https:\/\/hygiene-service.gr\/de\/wp-json\/wp\/v2\/media\/3092"}],"wp:attachment":[{"href":"https:\/\/hygiene-service.gr\/de\/wp-json\/wp\/v2\/media?parent=4310"}],"wp:term":[{"taxonomy":"product_level","embeddable":true,"href":"https:\/\/hygiene-service.gr\/de\/wp-json\/wp\/v2\/product_level?post=4310"},{"taxonomy":"product_brand","embeddable":true,"href":"https:\/\/hygiene-service.gr\/de\/wp-json\/wp\/v2\/product_brand?post=4310"},{"taxonomy":"product_cat","embeddable":true,"href":"https:\/\/hygiene-service.gr\/de\/wp-json\/wp\/v2\/product_cat?post=4310"},{"taxonomy":"product_tag","embeddable":true,"href":"https:\/\/hygiene-service.gr\/de\/wp-json\/wp\/v2\/product_tag?post=4310"}],"curies":[{"name":"wp","href":"https:\/\/api.w.org\/{rel}","templated":true}]}}