{"id":4304,"date":"2025-06-24T13:04:01","date_gmt":"2025-06-24T13:04:01","guid":{"rendered":"https:\/\/hygiene-service.gr\/product\/burst-750ml\/"},"modified":"2025-07-09T10:39:00","modified_gmt":"2025-07-09T10:39:00","slug":"burst-750ml","status":"publish","type":"product","link":"https:\/\/hygiene-service.gr\/de\/produkt\/burst-750ml\/","title":{"rendered":"Burst 750ml"},"content":{"rendered":"<div>\n<p>\n\t\t<strong>GROSS-DUFTSPENDER \u201eBURST\u201c<\/strong><\/p>\n<p>\n\t\t\u00b7\u00a0\u00a0\u00a0\u00a0\u00a0\u00a0\u00a0\u00a0 Handsprayf\u00fcrdensofortigenBedarf<\/p>\n<p>\n\t\t\u00b7\u00a0\u00a0\u00a0\u00a0\u00a0\u00a0\u00a0\u00a0 Starke Spraywirkung auch an\u00a0 unzug\u00e4nglichen Stellen<\/p>\n<p>\n\t\t\u00b7\u00a0\u00a0\u00a0\u00a0\u00a0\u00a0\u00a0\u00a0 DiskreteundbeliebteAromen:<\/p>\n<p>\n\t\t\u00b7\u00a0\u00a0\u00a0\u00a0\u00a0\u00a0\u00a0\u00a0 ExoticBurst, FloralBurst<\/p>\n<p>\n\t\t\u00b7\u00a0\u00a0\u00a0\u00a0\u00a0\u00a0\u00a0\u00a0 Idealf\u00fcrR\u00e4umewie:\u00a0<strong>WCs, B\u00fcros, Hotels, Klassenr\u00e4ume und \u00fcberall, wo Lufterfrischung gebraucht wird<\/strong><\/p>\n<\/div>\n<p>\n\t\u00a0<\/p>\n","protected":false},"excerpt":{"rendered":"<p>GROSS-DUFTSPENDER \u201eBURST\u201c \u00b7\u00a0\u00a0\u00a0\u00a0\u00a0\u00a0\u00a0\u00a0 Handsprayf\u00fcrdensofortigenBedarf \u00b7\u00a0\u00a0\u00a0\u00a0\u00a0\u00a0\u00a0\u00a0 Starke Spraywirkung auch an\u00a0 unzug\u00e4nglichen Stellen \u00b7\u00a0\u00a0\u00a0\u00a0\u00a0\u00a0\u00a0\u00a0 DiskreteundbeliebteAromen: \u00b7\u00a0\u00a0\u00a0\u00a0\u00a0\u00a0\u00a0\u00a0 ExoticBurst, FloralBurst \u00b7\u00a0\u00a0\u00a0\u00a0\u00a0\u00a0\u00a0\u00a0 Idealf\u00fcrR\u00e4umewie:\u00a0WCs, B\u00fcros, Hotels, Klassenr\u00e4ume und \u00fcberall, wo Lufterfrischung gebraucht wird \u00a0<\/p>\n","protected":false},"featured_media":2642,"comment_status":"closed","ping_status":"closed","template":"","meta":{"_acf_changed":false},"product_level":[256],"product_brand":[],"product_cat":[227],"product_tag":[],"class_list":{"0":"post-4304","1":"product","2":"type-product","3":"status-publish","4":"has-post-thumbnail","6":"product_level-parent-product-de","7":"product_cat-dienstleistung-fur-raumluft-erfrischer","9":"first","10":"instock","11":"purchasable","12":"product-type-simple"},"acf":[],"_links":{"self":[{"href":"https:\/\/hygiene-service.gr\/de\/wp-json\/wp\/v2\/product\/4304","targetHints":{"allow":["GET"]}}],"collection":[{"href":"https:\/\/hygiene-service.gr\/de\/wp-json\/wp\/v2\/product"}],"about":[{"href":"https:\/\/hygiene-service.gr\/de\/wp-json\/wp\/v2\/types\/product"}],"replies":[{"embeddable":true,"href":"https:\/\/hygiene-service.gr\/de\/wp-json\/wp\/v2\/comments?post=4304"}],"wp:featuredmedia":[{"embeddable":true,"href":"https:\/\/hygiene-service.gr\/de\/wp-json\/wp\/v2\/media\/2642"}],"wp:attachment":[{"href":"https:\/\/hygiene-service.gr\/de\/wp-json\/wp\/v2\/media?parent=4304"}],"wp:term":[{"taxonomy":"product_level","embeddable":true,"href":"https:\/\/hygiene-service.gr\/de\/wp-json\/wp\/v2\/product_level?post=4304"},{"taxonomy":"product_brand","embeddable":true,"href":"https:\/\/hygiene-service.gr\/de\/wp-json\/wp\/v2\/product_brand?post=4304"},{"taxonomy":"product_cat","embeddable":true,"href":"https:\/\/hygiene-service.gr\/de\/wp-json\/wp\/v2\/product_cat?post=4304"},{"taxonomy":"product_tag","embeddable":true,"href":"https:\/\/hygiene-service.gr\/de\/wp-json\/wp\/v2\/product_tag?post=4304"}],"curies":[{"name":"wp","href":"https:\/\/api.w.org\/{rel}","templated":true}]}}