{"id":4294,"date":"2025-06-24T13:04:01","date_gmt":"2025-06-24T13:04:01","guid":{"rendered":"https:\/\/hygiene-service.gr\/product\/medical-unit\/"},"modified":"2025-07-09T10:38:59","modified_gmt":"2025-07-09T10:38:59","slug":"medical-unit","status":"publish","type":"product","link":"https:\/\/hygiene-service.gr\/de\/produkt\/medical-unit\/","title":{"rendered":"Medical Unit"},"content":{"rendered":"<p>\n\tHygiene-Entsorger<\/p>\n<p>\n\tMit Fu\u00dfpedal f\u00fcr leichte Benutzung und 78-Liter-Volumen. Speziell f\u00fcr medizinische Sonderabf\u00e4lle, Babywindeln, Verb\u00e4nde u. a.<\/p>\n<p>\n\t\u00a0<\/p>\n<p>\n\t<strong>Ideal f\u00fcr Arztpraxen, Krankenh\u00e4user, Kinderg\u00e4rten, Flugh\u00e4fen u. v. m.\u00a0<\/strong><\/p>\n","protected":false},"excerpt":{"rendered":"<p>Hygiene-Entsorger Mit Fu\u00dfpedal f\u00fcr leichte Benutzung und 78-Liter-Volumen. Speziell f\u00fcr medizinische Sonderabf\u00e4lle, Babywindeln, Verb\u00e4nde u. a. \u00a0 Ideal f\u00fcr Arztpraxen, Krankenh\u00e4user, Kinderg\u00e4rten, Flugh\u00e4fen u. v. m.\u00a0<\/p>\n","protected":false},"featured_media":2867,"comment_status":"closed","ping_status":"open","template":"","meta":{"_acf_changed":false},"product_level":[256],"product_brand":[],"product_cat":[230],"product_tag":[],"class_list":{"0":"post-4294","1":"product","2":"type-product","3":"status-publish","4":"has-post-thumbnail","6":"product_level-parent-product-de","7":"product_cat-damen-hygiene","9":"first","10":"instock","11":"purchasable","12":"product-type-simple"},"acf":[],"_links":{"self":[{"href":"https:\/\/hygiene-service.gr\/de\/wp-json\/wp\/v2\/product\/4294","targetHints":{"allow":["GET"]}}],"collection":[{"href":"https:\/\/hygiene-service.gr\/de\/wp-json\/wp\/v2\/product"}],"about":[{"href":"https:\/\/hygiene-service.gr\/de\/wp-json\/wp\/v2\/types\/product"}],"replies":[{"embeddable":true,"href":"https:\/\/hygiene-service.gr\/de\/wp-json\/wp\/v2\/comments?post=4294"}],"wp:featuredmedia":[{"embeddable":true,"href":"https:\/\/hygiene-service.gr\/de\/wp-json\/wp\/v2\/media\/2867"}],"wp:attachment":[{"href":"https:\/\/hygiene-service.gr\/de\/wp-json\/wp\/v2\/media?parent=4294"}],"wp:term":[{"taxonomy":"product_level","embeddable":true,"href":"https:\/\/hygiene-service.gr\/de\/wp-json\/wp\/v2\/product_level?post=4294"},{"taxonomy":"product_brand","embeddable":true,"href":"https:\/\/hygiene-service.gr\/de\/wp-json\/wp\/v2\/product_brand?post=4294"},{"taxonomy":"product_cat","embeddable":true,"href":"https:\/\/hygiene-service.gr\/de\/wp-json\/wp\/v2\/product_cat?post=4294"},{"taxonomy":"product_tag","embeddable":true,"href":"https:\/\/hygiene-service.gr\/de\/wp-json\/wp\/v2\/product_tag?post=4294"}],"curies":[{"name":"wp","href":"https:\/\/api.w.org\/{rel}","templated":true}]}}