{"id":4292,"date":"2025-06-24T13:04:01","date_gmt":"2025-06-24T13:04:01","guid":{"rendered":"https:\/\/hygiene-service.gr\/product\/slimline\/"},"modified":"2025-07-09T10:38:59","modified_gmt":"2025-07-09T10:38:59","slug":"slimline","status":"publish","type":"product","link":"https:\/\/hygiene-service.gr\/de\/produkt\/slimline\/","title":{"rendered":"Slimline"},"content":{"rendered":"<p>\n\tDamenhygiene-Entsorger<\/p>\n<p>\n\tDer Slimline Damenhygiene-Entsorger bietet elegantes Design in wei\u00df-blau, funktioniert mit einem Fu\u00dfpedal und hat die passende Gr\u00f6\u00dfe f\u00fcr jeden WC-Raum.<\/p>\n<p>\n\t\u00b7\u00a0\u00a0\u00a0\u00a0\u00a0\u00a0\u00a0\u00a0 inwei\u00df-blau<\/p>\n<p>\n\t\u00b7\u00a0\u00a0\u00a0\u00a0\u00a0\u00a0\u00a0\u00a0 volumen. 17 Liter<\/p>\n","protected":false},"excerpt":{"rendered":"<p>Damenhygiene-Entsorger Der Slimline Damenhygiene-Entsorger bietet elegantes Design in wei\u00df-blau, funktioniert mit einem Fu\u00dfpedal und hat die passende Gr\u00f6\u00dfe f\u00fcr jeden WC-Raum. \u00b7\u00a0\u00a0\u00a0\u00a0\u00a0\u00a0\u00a0\u00a0 inwei\u00df-blau \u00b7\u00a0\u00a0\u00a0\u00a0\u00a0\u00a0\u00a0\u00a0 volumen. 17 Liter<\/p>\n","protected":false},"featured_media":3062,"comment_status":"closed","ping_status":"open","template":"","meta":{"_acf_changed":false},"product_level":[256],"product_brand":[],"product_cat":[230],"product_tag":[],"class_list":{"0":"post-4292","1":"product","2":"type-product","3":"status-publish","4":"has-post-thumbnail","6":"product_level-parent-product-de","7":"product_cat-damen-hygiene","9":"first","10":"instock","11":"purchasable","12":"product-type-simple"},"acf":[],"_links":{"self":[{"href":"https:\/\/hygiene-service.gr\/de\/wp-json\/wp\/v2\/product\/4292","targetHints":{"allow":["GET"]}}],"collection":[{"href":"https:\/\/hygiene-service.gr\/de\/wp-json\/wp\/v2\/product"}],"about":[{"href":"https:\/\/hygiene-service.gr\/de\/wp-json\/wp\/v2\/types\/product"}],"replies":[{"embeddable":true,"href":"https:\/\/hygiene-service.gr\/de\/wp-json\/wp\/v2\/comments?post=4292"}],"wp:featuredmedia":[{"embeddable":true,"href":"https:\/\/hygiene-service.gr\/de\/wp-json\/wp\/v2\/media\/3062"}],"wp:attachment":[{"href":"https:\/\/hygiene-service.gr\/de\/wp-json\/wp\/v2\/media?parent=4292"}],"wp:term":[{"taxonomy":"product_level","embeddable":true,"href":"https:\/\/hygiene-service.gr\/de\/wp-json\/wp\/v2\/product_level?post=4292"},{"taxonomy":"product_brand","embeddable":true,"href":"https:\/\/hygiene-service.gr\/de\/wp-json\/wp\/v2\/product_brand?post=4292"},{"taxonomy":"product_cat","embeddable":true,"href":"https:\/\/hygiene-service.gr\/de\/wp-json\/wp\/v2\/product_cat?post=4292"},{"taxonomy":"product_tag","embeddable":true,"href":"https:\/\/hygiene-service.gr\/de\/wp-json\/wp\/v2\/product_tag?post=4292"}],"curies":[{"name":"wp","href":"https:\/\/api.w.org\/{rel}","templated":true}]}}