{"id":4290,"date":"2025-06-24T13:04:01","date_gmt":"2025-06-24T13:04:01","guid":{"rendered":"https:\/\/hygiene-service.gr\/product\/fd-108\/"},"modified":"2025-07-09T10:38:59","modified_gmt":"2025-07-09T10:38:59","slug":"fd-108","status":"publish","type":"product","link":"https:\/\/hygiene-service.gr\/de\/produkt\/fd-108\/","title":{"rendered":"FD 108"},"content":{"rendered":"<p>\n\tAutomatischer Damenhygiene-Entsorger<\/p>\n<p>\n\tDer FD 108 Damenhygiene-Entsorger ist das modernste Ger\u00e4t auf dem Markt, denn es arbeitet mit einem Bewegungsmelder. Der Deckel \u00f6ffnet sich automatisch, wenn\u00a0 der Fu\u00df sich dem Sensor am Beh\u00e4lterboden n\u00e4hert.<\/p>\n<p>\n\t\u00b7\u00a0\u00a0\u00a0\u00a0\u00a0\u00a0\u00a0\u00a0 Farbe. wei\u00df<\/p>\n<p>\n\t\u00b7\u00a0\u00a0\u00a0\u00a0\u00a0\u00a0\u00a0\u00a0 Volumen: 20 Liter<\/p>\n","protected":false},"excerpt":{"rendered":"<p>Automatischer Damenhygiene-Entsorger Der FD 108 Damenhygiene-Entsorger ist das modernste Ger\u00e4t auf dem Markt, denn es arbeitet mit einem Bewegungsmelder. Der Deckel \u00f6ffnet sich automatisch, wenn\u00a0 der Fu\u00df sich dem Sensor am Beh\u00e4lterboden n\u00e4hert. \u00b7\u00a0\u00a0\u00a0\u00a0\u00a0\u00a0\u00a0\u00a0 Farbe. wei\u00df \u00b7\u00a0\u00a0\u00a0\u00a0\u00a0\u00a0\u00a0\u00a0 Volumen: 20 Liter<\/p>\n","protected":false},"featured_media":2705,"comment_status":"closed","ping_status":"open","template":"","meta":{"_acf_changed":false},"product_level":[256],"product_brand":[],"product_cat":[230],"product_tag":[],"class_list":{"0":"post-4290","1":"product","2":"type-product","3":"status-publish","4":"has-post-thumbnail","6":"product_level-parent-product-de","7":"product_cat-damen-hygiene","9":"first","10":"instock","11":"purchasable","12":"product-type-simple"},"acf":[],"_links":{"self":[{"href":"https:\/\/hygiene-service.gr\/de\/wp-json\/wp\/v2\/product\/4290","targetHints":{"allow":["GET"]}}],"collection":[{"href":"https:\/\/hygiene-service.gr\/de\/wp-json\/wp\/v2\/product"}],"about":[{"href":"https:\/\/hygiene-service.gr\/de\/wp-json\/wp\/v2\/types\/product"}],"replies":[{"embeddable":true,"href":"https:\/\/hygiene-service.gr\/de\/wp-json\/wp\/v2\/comments?post=4290"}],"wp:featuredmedia":[{"embeddable":true,"href":"https:\/\/hygiene-service.gr\/de\/wp-json\/wp\/v2\/media\/2705"}],"wp:attachment":[{"href":"https:\/\/hygiene-service.gr\/de\/wp-json\/wp\/v2\/media?parent=4290"}],"wp:term":[{"taxonomy":"product_level","embeddable":true,"href":"https:\/\/hygiene-service.gr\/de\/wp-json\/wp\/v2\/product_level?post=4290"},{"taxonomy":"product_brand","embeddable":true,"href":"https:\/\/hygiene-service.gr\/de\/wp-json\/wp\/v2\/product_brand?post=4290"},{"taxonomy":"product_cat","embeddable":true,"href":"https:\/\/hygiene-service.gr\/de\/wp-json\/wp\/v2\/product_cat?post=4290"},{"taxonomy":"product_tag","embeddable":true,"href":"https:\/\/hygiene-service.gr\/de\/wp-json\/wp\/v2\/product_tag?post=4290"}],"curies":[{"name":"wp","href":"https:\/\/api.w.org\/{rel}","templated":true}]}}